{"id":601,"date":"2025-03-26T10:49:58","date_gmt":"2025-03-26T09:49:58","guid":{"rendered":"https:\/\/plop-app.ch\/?page_id=601"},"modified":"2025-03-26T12:57:11","modified_gmt":"2025-03-26T11:57:11","slug":"details","status":"publish","type":"page","link":"https:\/\/plop-app.ch\/de\/details\/","title":{"rendered":"Details"},"content":{"rendered":"\t\t<div data-elementor-type=\"wp-page\" data-elementor-id=\"601\" class=\"elementor elementor-601\">\n\t\t\t\t<div class=\"elementor-element elementor-element-c506866 e-flex e-con-boxed e-con e-parent\" data-id=\"c506866\" data-element_type=\"container\">\n\t\t\t\t\t<div class=\"e-con-inner\">\n\t\t\t\t<div class=\"elementor-element elementor-element-337ff51 elementor-widget elementor-widget-heading\" data-id=\"337ff51\" data-element_type=\"widget\" data-widget_type=\"heading.default\">\n\t\t\t\t<div class=\"elementor-widget-container\">\n\t\t\t\t\t<h2 class=\"elementor-heading-title elementor-size-default\">PLOP ist eine kostenlose Applikation, die obstipierte Klein- und Schulkinder spielerisch beim regelm\u00e4ssigen Toilettengang unterst\u00fctzt. Sie wurde bisher schon von 6000 Familien genutzt.<\/h2>\t\t\t\t<\/div>\n\t\t\t\t<\/div>\n\t\t\t\t\t<\/div>\n\t\t\t\t<\/div>\n\t\t<div class=\"elementor-element elementor-element-6fd591a e-flex e-con-boxed e-con e-parent\" data-id=\"6fd591a\" data-element_type=\"container\">\n\t\t\t\t\t<div class=\"e-con-inner\">\n\t\t<div class=\"elementor-element elementor-element-0030798 e-con-full e-flex e-con e-child\" data-id=\"0030798\" data-element_type=\"container\">\n\t\t\t\t<div class=\"elementor-element elementor-element-e335a4c elementor-widget elementor-widget-text-editor\" data-id=\"e335a4c\" data-element_type=\"widget\" data-widget_type=\"text-editor.default\">\n\t\t\t\t<div class=\"elementor-widget-container\">\n\t\t\t\t\t\t\t\t\t<p>Die funktionelle Obstipation bei Kindern ist h\u00e4ufig: 10-15 % sind davon betroffen, wobei ein Peak w\u00e4hrend des Toilettentraining<sup><a title=\"1. Hyams JS et al., Gastroenterology 2016;150:1456-1468 (Rome IV Criteria: Childhood Functional. Gastrointestinal Disorders: Child\/Adolescent)\" href=\"#fn1\">1<\/a><\/sup> auftritt. Obwohl nicht lebensbedrohend, f\u00fchrt die chronische Obstipation zu einer erheblichen Einschr\u00e4nkung der Lebensqualit\u00e4t beim betroffenen Kind und seinen Betreuungspersonen. Besonders gross wird der Druck, wenn die Einschulung bevorsteht und das Kind wegen der Obstipation und Stuhlschmieren noch Windeln tr\u00e4gt. F\u00fcr eine erfolgreiche Behandlung braucht es nebst der laxativen Therapie eine sorgf\u00e4ltige Aufkl\u00e4rung des Kindes und seiner Betreuungspersonen, ein regelm\u00e4ssiges Toilettentraining und ein Belohnungssystem zur Motivation des Kindes. Ebenso sind ausgewogene Ern\u00e4hrung und ausreichende Fl\u00fcssigkeitszufuhr wichtig.<\/p><p>Dazu wurde die Applikation PLOP entwickelt. Sie erkl\u00e4rt in f\u00fcnf Sprachen (Deutsch, Franz\u00f6sisch, Italienisch, neu Englisch und Ukrainisch) wie die Stuhlentleerung funktioniert. Der Toilettengang, die Stuhlkonsistenz (Bristol-Stuhlformen-Skala) und allf\u00e4llige Schmerzen (Schmerzskala) k\u00f6nnen mit einer Tagebuchfunktion aufgezeichnet werden. F\u00fcr das Kind gibt es eine Belohnung f\u00fcrs Mitmachen in der Form eines einfachen \u00abHit and Run\u00bb Dino Spiels und Anerkennungsdiplom.<\/p>\t\t\t\t\t\t\t\t<\/div>\n\t\t\t\t<\/div>\n\t\t\t\t<div class=\"elementor-element elementor-element-4dd29d9 elementor-widget elementor-widget-image\" data-id=\"4dd29d9\" data-element_type=\"widget\" data-widget_type=\"image.default\">\n\t\t\t\t<div class=\"elementor-widget-container\">\n\t\t\t\t\t\t\t\t\t\t\t\t\t\t\t<img fetchpriority=\"high\" decoding=\"async\" width=\"1024\" height=\"537\" src=\"https:\/\/plop-app.ch\/wp-content\/uploads\/2025\/03\/Plop_Home_Christine-1024x537.png\" class=\"attachment-large size-large wp-image-617\" alt=\"\" srcset=\"https:\/\/plop-app.ch\/wp-content\/uploads\/2025\/03\/Plop_Home_Christine-1024x537.png 1024w, https:\/\/plop-app.ch\/wp-content\/uploads\/2025\/03\/Plop_Home_Christine-300x157.png 300w, https:\/\/plop-app.ch\/wp-content\/uploads\/2025\/03\/Plop_Home_Christine-768x403.png 768w, https:\/\/plop-app.ch\/wp-content\/uploads\/2025\/03\/Plop_Home_Christine.png 1429w\" sizes=\"(max-width: 1024px) 100vw, 1024px\" \/>\t\t\t\t\t\t\t\t\t\t\t\t\t\t\t<\/div>\n\t\t\t\t<\/div>\n\t\t\t\t<\/div>\n\t\t<div class=\"elementor-element elementor-element-63aa965 e-con-full e-flex e-con e-child\" data-id=\"63aa965\" data-element_type=\"container\">\n\t\t\t\t<div class=\"elementor-element elementor-element-f8f732a elementor-widget elementor-widget-text-editor\" data-id=\"f8f732a\" data-element_type=\"widget\" data-widget_type=\"text-editor.default\">\n\t\t\t\t<div class=\"elementor-widget-container\">\n\t\t\t\t\t\t\t\t\t<p>Die erfassten Tagebuchdaten sind vertraulich und werden daher nur auf dem Smartphone oder dem Tablet des Patienten gespeichert. Das Tagebuch kann jedoch ausgedruckt oder per Mail an die behandelnde \u00c4rztin, den behandelnden Arzt \u00fcbermittelt werden. Damit kann das Kind zeigen, welche Fortschritte es gemacht hat und die Behandlung kann gemeinsam optimiert werden.<\/p>\t\t\t\t\t\t\t\t<\/div>\n\t\t\t\t<\/div>\n\t\t\t\t<div class=\"elementor-element elementor-element-05d99cc elementor-widget elementor-widget-image\" data-id=\"05d99cc\" data-element_type=\"widget\" data-widget_type=\"image.default\">\n\t\t\t\t<div class=\"elementor-widget-container\">\n\t\t\t\t\t\t\t\t\t\t\t\t\t\t\t<img decoding=\"async\" width=\"1024\" height=\"428\" src=\"https:\/\/plop-app.ch\/wp-content\/uploads\/2025\/03\/Plop_Tagebuch_Christine-1024x428.png\" class=\"attachment-large size-large wp-image-622\" alt=\"\" srcset=\"https:\/\/plop-app.ch\/wp-content\/uploads\/2025\/03\/Plop_Tagebuch_Christine-1024x428.png 1024w, https:\/\/plop-app.ch\/wp-content\/uploads\/2025\/03\/Plop_Tagebuch_Christine-300x125.png 300w, https:\/\/plop-app.ch\/wp-content\/uploads\/2025\/03\/Plop_Tagebuch_Christine-768x321.png 768w, https:\/\/plop-app.ch\/wp-content\/uploads\/2025\/03\/Plop_Tagebuch_Christine-1536x642.png 1536w, https:\/\/plop-app.ch\/wp-content\/uploads\/2025\/03\/Plop_Tagebuch_Christine.png 1783w\" sizes=\"(max-width: 1024px) 100vw, 1024px\" \/>\t\t\t\t\t\t\t\t\t\t\t\t\t\t\t<\/div>\n\t\t\t\t<\/div>\n\t\t\t\t<div class=\"elementor-element elementor-element-a14d37f elementor-widget elementor-widget-text-editor\" data-id=\"a14d37f\" data-element_type=\"widget\" data-widget_type=\"text-editor.default\">\n\t\t\t\t<div class=\"elementor-widget-container\">\n\t\t\t\t\t\t\t\t\t<p>Plop wurde schon mehr als 6000-mal im Google Play und App Store heruntergeladen. Sie wird auch von p\u00e4diatrischen Gastroenterolog*innen und Kinder\u00e4rzt*innen empfohlen. Unsere langj\u00e4hrige Erfahrung in der Betreuung von Kindern mit Stuhlentleerungsst\u00f6rungen und als Mitentwickler der App zeigt, dass PLOP die Kinder motiviert, sich dem f\u00fcr sie m\u00fchevollen Gesch\u00e4ft des Toilettentrainings spielerisch und mit Erfolg zuzuwenden. Wenn es mit der Stuhlentleerung gut funktioniert, verliert das Kind auch das Interesse am einfachen Dinospiel &#8211; es besteht kein Suchtpotential. Auch Jugendliche und Erwachsene k\u00f6nnen von der Nutzung der Tagebuchfunktion in PLOP profitieren.<\/p>\t\t\t\t\t\t\t\t<\/div>\n\t\t\t\t<\/div>\n\t\t\t\t<\/div>\n\t\t\t\t\t<\/div>\n\t\t\t\t<\/div>\n\t\t<div class=\"elementor-element elementor-element-e33deaf e-flex e-con-boxed e-con e-parent\" data-id=\"e33deaf\" data-element_type=\"container\" data-settings=\"{&quot;background_background&quot;:&quot;classic&quot;}\">\n\t\t\t\t\t<div class=\"e-con-inner\">\n\t\t<div class=\"elementor-element elementor-element-cecd13e e-con-full e-flex e-con e-child\" data-id=\"cecd13e\" data-element_type=\"container\">\n\t\t\t\t<div class=\"elementor-element elementor-element-5c420ec elementor-widget elementor-widget-image\" data-id=\"5c420ec\" data-element_type=\"widget\" data-widget_type=\"image.default\">\n\t\t\t\t<div class=\"elementor-widget-container\">\n\t\t\t\t\t\t\t\t\t\t\t\t\t\t\t<img decoding=\"async\" width=\"259\" height=\"238\" src=\"https:\/\/plop-app.ch\/wp-content\/uploads\/2025\/03\/Plop_DrShavit.png\" class=\"attachment-large size-large wp-image-584\" alt=\"\" \/>\t\t\t\t\t\t\t\t\t\t\t\t\t\t\t<\/div>\n\t\t\t\t<\/div>\n\t\t<div class=\"elementor-element elementor-element-7f1aaef e-con-full e-flex e-con e-child\" data-id=\"7f1aaef\" data-element_type=\"container\" data-settings=\"{&quot;background_background&quot;:&quot;classic&quot;}\">\n\t\t\t\t<div class=\"elementor-element elementor-element-7727361 elementor-widget elementor-widget-text-editor\" data-id=\"7727361\" data-element_type=\"widget\" data-widget_type=\"text-editor.default\">\n\t\t\t\t<div class=\"elementor-widget-container\">\n\t\t\t\t\t\t\t\t\t<p><strong>Dr. med. Sandra Shavit<\/strong><br \/><em>Spitalfach\u00e4rztin Kinderchirurgie<\/em><br \/>Luzerner Kantonsspital<br \/>Kinderspital<\/p>\t\t\t\t\t\t\t\t<\/div>\n\t\t\t\t<\/div>\n\t\t\t\t<\/div>\n\t\t\t\t<\/div>\n\t\t<div class=\"elementor-element elementor-element-d99efd6 e-con-full e-flex e-con e-child\" data-id=\"d99efd6\" data-element_type=\"container\">\n\t\t\t\t<div class=\"elementor-element elementor-element-fd5b61a elementor-widget elementor-widget-text-editor\" data-id=\"fd5b61a\" data-element_type=\"widget\" data-widget_type=\"text-editor.default\">\n\t\t\t\t<div class=\"elementor-widget-container\">\n\t\t\t\t\t\t\t\t\t<p><em><strong>Frau Dr. med. Shavit, welche Erfahrungen haben Sie bisher mit der App Plop gemacht?<\/strong><\/em><br \/><em>Bis jetzt habe ich gute Erfahrungen gemacht.<\/em><br \/><em>Die App ist sehr praktisch. Sie bietet alle Funktionen, die ich ben\u00f6tige. Die Protokollierung und der Export der Daten gehen ganz einfach.<\/em><\/p><p><strong><em>Welche Funktion der App Plop erachten Sie als speziell n\u00fctzlich?<\/em><\/strong><br \/><em>Ganz klar das Tagebuch. Die M\u00f6glichkeit zu dokumentieren wann gestuhlt wird und wie die Konsistenz war ist sehr n\u00fctzlich. Die Erfassung der Schmerzen beim Stuhlen ist auch hilfreich, obwohl die chronisch Obstipierten praktisch keine Schmerzen haben, trotzdem ist es gut zu wissen. Des Weiteren ist die Downloadfunktion der Protokolle von mehreren Monaten sehr n\u00fctzlich, auf denen ich alles Ablesen kann. Das Erfassen des \u00abSchmieren\u00bb k\u00f6nnte man noch etwas ausbauen, z.B. mit Abbildungen, die man anklicken k\u00f6nnte, um zu erkennen, wie gross das Einschmieren war. Und was nat\u00fcrlich ganz wichtig ist, ist das Spiel (lacht).<\/em><\/p><p><strong><em>Welches Feedback erhalten Sie von den Kindern und Eltern?<\/em><\/strong><br \/><em>Die Eltern k\u00f6nnen sehr gut mit der App umgehen. Die managen alles wunderbar. Die \u00ab\u00e4lteren\u00bb Kinder spielen das Spiel sehr gerne.<\/em><\/p>\t\t\t\t\t\t\t\t<\/div>\n\t\t\t\t<\/div>\n\t\t\t\t<\/div>\n\t\t\t\t\t<\/div>\n\t\t\t\t<\/div>\n\t\t<div class=\"elementor-element elementor-element-84cf046 e-flex e-con-boxed e-con e-parent\" data-id=\"84cf046\" data-element_type=\"container\">\n\t\t\t\t\t<div class=\"e-con-inner\">\n\t\t\t\t<div class=\"elementor-element elementor-element-e75af54 elementor-widget elementor-widget-text-editor\" data-id=\"e75af54\" data-element_type=\"widget\" data-widget_type=\"text-editor.default\">\n\t\t\t\t<div class=\"elementor-widget-container\">\n\t\t\t\t\t\t\t\t\t<p><strong>Autoren:<\/strong> Dres. Beatrice M\u00fcller (FMH P\u00e4diatrie, Schwerpunkt Gastroenterologie, FAPPM) und Conrad E. M\u00fcller (FMH Kinderchirurgie)<\/p><p>Plop wurde in Zusammenarbeit mit der <a href=\"https:\/\/www.pro-ukbb.ch\/de\/Home\/index.php\" target=\"_blank\" rel=\"noopener\">Stiftung Pro Universit\u00e4ts-Kinderspital beider Basel (UKBB)<\/a>, den Firmen <a href=\"https:\/\/www.amweb.ch\" target=\"_blank\" rel=\"noopener\">AMWEB<\/a> (Entwicklung) und <a href=\"https:\/\/senzacca.ch\/\" target=\"_blank\" rel=\"noopener\">SENZ\u2019ACCA Design<\/a> (Illustrationen) und dank der finanziellen Unterst\u00fctzung von <a href=\"https:\/\/www.zambonpharma.com\/ch\/de\" target=\"_blank\" rel=\"noopener\">Zambon Schweiz AG<\/a> entwickelt.<\/p><p><em id=\"fn1\">1. Hyams JS et al., Gastroenterology 2016;150:1456-1468 (Rome IV Criteria: Childhood Functional. Gastrointestinal Disorders: Child\/Adolescent). Eine Kopie der einzelnen Referenzen ist auf Anfrage erh\u00e4ltlich.<\/em><\/p>\t\t\t\t\t\t\t\t<\/div>\n\t\t\t\t<\/div>\n\t\t\t\t\t<\/div>\n\t\t\t\t<\/div>\n\t\t\t\t<\/div>\n\t\t","protected":false},"excerpt":{"rendered":"<p>PLOP ist eine kostenlose Applikation, die obstipierte Klein- und Schulkinder spielerisch beim regelm\u00e4ssigen Toilettengang unterst\u00fctzt. Sie wurde bisher schon von 6000 Familien genutzt. Die funktionelle Obstipation bei Kindern ist h\u00e4ufig: 10-15 % sind davon betroffen, wobei ein Peak w\u00e4hrend des Toilettentraining1 auftritt. Obwohl nicht lebensbedrohend, f\u00fchrt die chronische Obstipation zu einer erheblichen Einschr\u00e4nkung der Lebensqualit\u00e4t [&hellip;]<\/p>\n","protected":false},"author":1,"featured_media":0,"parent":0,"menu_order":0,"comment_status":"closed","ping_status":"closed","template":"","meta":{"_acf_changed":false,"footnotes":""},"class_list":["post-601","page","type-page","status-publish","hentry"],"acf":[],"_links":{"self":[{"href":"https:\/\/plop-app.ch\/de\/wp-json\/wp\/v2\/pages\/601","targetHints":{"allow":["GET"]}}],"collection":[{"href":"https:\/\/plop-app.ch\/de\/wp-json\/wp\/v2\/pages"}],"about":[{"href":"https:\/\/plop-app.ch\/de\/wp-json\/wp\/v2\/types\/page"}],"author":[{"embeddable":true,"href":"https:\/\/plop-app.ch\/de\/wp-json\/wp\/v2\/users\/1"}],"replies":[{"embeddable":true,"href":"https:\/\/plop-app.ch\/de\/wp-json\/wp\/v2\/comments?post=601"}],"version-history":[{"count":25,"href":"https:\/\/plop-app.ch\/de\/wp-json\/wp\/v2\/pages\/601\/revisions"}],"predecessor-version":[{"id":638,"href":"https:\/\/plop-app.ch\/de\/wp-json\/wp\/v2\/pages\/601\/revisions\/638"}],"wp:attachment":[{"href":"https:\/\/plop-app.ch\/de\/wp-json\/wp\/v2\/media?parent=601"}],"curies":[{"name":"wp","href":"https:\/\/api.w.org\/{rel}","templated":true}]}}