{"id":852,"date":"2025-03-26T10:49:58","date_gmt":"2025-03-26T09:49:58","guid":{"rendered":"https:\/\/plop-app.ch\/details\/"},"modified":"2025-08-21T20:12:53","modified_gmt":"2025-08-21T18:12:53","slug":"details","status":"publish","type":"page","link":"https:\/\/plop-app.ch\/fr\/details\/","title":{"rendered":"D\u00e9tails"},"content":{"rendered":"\t\t<div data-elementor-type=\"wp-page\" data-elementor-id=\"852\" class=\"elementor elementor-852 elementor-601\">\n\t\t\t\t<div class=\"elementor-element elementor-element-c506866 e-flex e-con-boxed e-con e-parent\" data-id=\"c506866\" data-element_type=\"container\">\n\t\t\t\t\t<div class=\"e-con-inner\">\n\t\t\t\t<div class=\"elementor-element elementor-element-337ff51 elementor-widget elementor-widget-heading\" data-id=\"337ff51\" data-element_type=\"widget\" data-widget_type=\"heading.default\">\n\t\t\t\t<div class=\"elementor-widget-container\">\n\t\t\t\t\t<h2 class=\"elementor-heading-title elementor-size-default\">PLOP est une application gratuite qui aide les jeunes enfants et les \u00e9coliers constip\u00e9s \u00e0 aller r\u00e9guli\u00e8rement aux toilettes de mani\u00e8re ludique. Elle a d\u00e9j\u00e0 \u00e9t\u00e9 utilis\u00e9e par 6000 familles. <\/h2>\t\t\t\t<\/div>\n\t\t\t\t<\/div>\n\t\t\t\t\t<\/div>\n\t\t\t\t<\/div>\n\t\t<div class=\"elementor-element elementor-element-6fd591a e-flex e-con-boxed e-con e-parent\" data-id=\"6fd591a\" data-element_type=\"container\">\n\t\t\t\t\t<div class=\"e-con-inner\">\n\t\t<div class=\"elementor-element elementor-element-0030798 e-con-full e-flex e-con e-child\" data-id=\"0030798\" data-element_type=\"container\">\n\t\t\t\t<div class=\"elementor-element elementor-element-e335a4c elementor-widget elementor-widget-text-editor\" data-id=\"e335a4c\" data-element_type=\"widget\" data-widget_type=\"text-editor.default\">\n\t\t\t\t<div class=\"elementor-widget-container\">\n\t\t\t\t\t\t\t\t\t<p>La constipation fonctionnelle chez les enfants est fr\u00e9quente : 10 \u00e0 15 % des enfants sont concern\u00e9s, avec un pic pendant l&rsquo;apprentissage de la propret\u00e9<sup><a title=\"1. Hyams JS et al., Gastroenterology 2016;150:1456-1468 (Rome IV Criteria: Childhood Functional. Gastrointestinal Disorders: Child\/Adolescent)\" href=\"#fn1\">1<\/a><\/sup>. Bien que non mortelle, la constipation chronique entra\u00eene une restriction importante de la qualit\u00e9 de vie de l&rsquo;enfant concern\u00e9 et de ses accompagnants. La pression augmente particuli\u00e8rement lorsque la scolarisation approche et que l&rsquo;enfant porte encore des couches \u00e0 cause de la constipation et des souillures f\u00e9cales. Pour un traitement r\u00e9ussi, il faut, outre le traitement laxatif, une information soign\u00e9e de l&rsquo;enfant et de ses accompagnants, un entra\u00eenement r\u00e9gulier \u00e0 la toilette et un syst\u00e8me de r\u00e9compense pour motiver l&rsquo;enfant. Une alimentation \u00e9quilibr\u00e9e et un apport suffisant de liquide sont \u00e9galement importants.    <\/p><p>L&rsquo;application PLOP a \u00e9t\u00e9 d\u00e9velopp\u00e9e \u00e0 cet effet. Elle explique en cinq langues (allemand, fran\u00e7ais, italien, anglais et ukrainien) comment fonctionne l&rsquo;\u00e9vacuation des selles. L&rsquo;aller aux toilettes, la consistance des selles (\u00e9chelle de Bristol) et les \u00e9ventuelles douleurs (\u00e9chelle de la douleur) peuvent \u00eatre enregistr\u00e9s gr\u00e2ce \u00e0 une fonction de journal. Pour l&rsquo;enfant, il y a une r\u00e9compense pour sa participation sous la forme d&rsquo;un simple jeu de Dino \u00ab Hit and Run \u00bb et un dipl\u00f4me de reconnaissance.   <\/p>\t\t\t\t\t\t\t\t<\/div>\n\t\t\t\t<\/div>\n\t\t\t\t<div class=\"elementor-element elementor-element-4dd29d9 elementor-widget elementor-widget-image\" data-id=\"4dd29d9\" data-element_type=\"widget\" data-widget_type=\"image.default\">\n\t\t\t\t<div class=\"elementor-widget-container\">\n\t\t\t\t\t\t\t\t\t\t\t\t\t\t\t<img fetchpriority=\"high\" decoding=\"async\" width=\"1024\" height=\"537\" src=\"https:\/\/plop-app.ch\/wp-content\/uploads\/2025\/03\/Plop_Home_Christine-1024x537.png\" class=\"attachment-large size-large wp-image-619\" alt=\"\" srcset=\"https:\/\/plop-app.ch\/wp-content\/uploads\/2025\/03\/Plop_Home_Christine-1024x537.png 1024w, https:\/\/plop-app.ch\/wp-content\/uploads\/2025\/03\/Plop_Home_Christine-300x157.png 300w, https:\/\/plop-app.ch\/wp-content\/uploads\/2025\/03\/Plop_Home_Christine-768x403.png 768w, https:\/\/plop-app.ch\/wp-content\/uploads\/2025\/03\/Plop_Home_Christine.png 1429w\" sizes=\"(max-width: 1024px) 100vw, 1024px\" \/>\t\t\t\t\t\t\t\t\t\t\t\t\t\t\t<\/div>\n\t\t\t\t<\/div>\n\t\t\t\t<\/div>\n\t\t<div class=\"elementor-element elementor-element-63aa965 e-con-full e-flex e-con e-child\" data-id=\"63aa965\" data-element_type=\"container\">\n\t\t\t\t<div class=\"elementor-element elementor-element-f8f732a elementor-widget elementor-widget-text-editor\" data-id=\"f8f732a\" data-element_type=\"widget\" data-widget_type=\"text-editor.default\">\n\t\t\t\t<div class=\"elementor-widget-container\">\n\t\t\t\t\t\t\t\t\t<p>Les donn\u00e9es saisies dans le journal sont confidentielles et ne sont donc enregistr\u00e9es que sur le smartphone ou la tablette du patient. Le journal peut toutefois \u00eatre imprim\u00e9 ou envoy\u00e9 par mail au m\u00e9decin traitant. L&rsquo;enfant peut ainsi montrer les progr\u00e8s qu&rsquo;il a r\u00e9alis\u00e9s et le traitement peut \u00eatre optimis\u00e9 ensemble.  <\/p>\t\t\t\t\t\t\t\t<\/div>\n\t\t\t\t<\/div>\n\t\t\t\t<div class=\"elementor-element elementor-element-05d99cc elementor-widget elementor-widget-image\" data-id=\"05d99cc\" data-element_type=\"widget\" data-widget_type=\"image.default\">\n\t\t\t\t<div class=\"elementor-widget-container\">\n\t\t\t\t\t\t\t\t\t\t\t\t\t\t\t<img decoding=\"async\" width=\"1024\" height=\"428\" src=\"https:\/\/plop-app.ch\/wp-content\/uploads\/2025\/03\/Plop_Tagebuch_Christine-1024x428.png\" class=\"attachment-large size-large wp-image-624\" alt=\"\" srcset=\"https:\/\/plop-app.ch\/wp-content\/uploads\/2025\/03\/Plop_Tagebuch_Christine-1024x428.png 1024w, https:\/\/plop-app.ch\/wp-content\/uploads\/2025\/03\/Plop_Tagebuch_Christine-300x125.png 300w, https:\/\/plop-app.ch\/wp-content\/uploads\/2025\/03\/Plop_Tagebuch_Christine-768x321.png 768w, https:\/\/plop-app.ch\/wp-content\/uploads\/2025\/03\/Plop_Tagebuch_Christine-1536x642.png 1536w, https:\/\/plop-app.ch\/wp-content\/uploads\/2025\/03\/Plop_Tagebuch_Christine.png 1783w\" sizes=\"(max-width: 1024px) 100vw, 1024px\" \/>\t\t\t\t\t\t\t\t\t\t\t\t\t\t\t<\/div>\n\t\t\t\t<\/div>\n\t\t\t\t<div class=\"elementor-element elementor-element-a14d37f elementor-widget elementor-widget-text-editor\" data-id=\"a14d37f\" data-element_type=\"widget\" data-widget_type=\"text-editor.default\">\n\t\t\t\t<div class=\"elementor-widget-container\">\n\t\t\t\t\t\t\t\t\t<p>Plop a d\u00e9j\u00e0 \u00e9t\u00e9 t\u00e9l\u00e9charg\u00e9e plus de 6000 fois sur Google Play et l&rsquo;App Store. Elle est \u00e9galement recommand\u00e9e par des gastro-ent\u00e9rologues p\u00e9diatriques et des p\u00e9diatres. Notre longue exp\u00e9rience dans la prise en charge d&rsquo;enfants souffrant de troubles de l&rsquo;\u00e9vacuation des selles et en tant que co-d\u00e9veloppeurs de l&rsquo;application montre que PLOP motive les enfants \u00e0 aborder de mani\u00e8re ludique et avec succ\u00e8s l&rsquo;activit\u00e9 p\u00e9nible pour eux de l&rsquo;apprentissage de la propret\u00e9. Si l&rsquo;\u00e9vacuation des selles fonctionne bien, l&rsquo;enfant perd \u00e9galement l&rsquo;int\u00e9r\u00eat pour le simple jeu de dinosaures &#8211; il n&rsquo;y a pas de risque de d\u00e9pendance. Les adolescents et les adultes peuvent \u00e9galement profiter de l&rsquo;utilisation de la fonction de journal dans PLOP.    <\/p>\t\t\t\t\t\t\t\t<\/div>\n\t\t\t\t<\/div>\n\t\t\t\t<\/div>\n\t\t\t\t\t<\/div>\n\t\t\t\t<\/div>\n\t\t<div class=\"elementor-element elementor-element-e33deaf e-flex e-con-boxed e-con e-parent\" data-id=\"e33deaf\" data-element_type=\"container\" data-settings=\"{&quot;background_background&quot;:&quot;classic&quot;}\">\n\t\t\t\t\t<div class=\"e-con-inner\">\n\t\t<div class=\"elementor-element elementor-element-cecd13e e-con-full e-flex e-con e-child\" data-id=\"cecd13e\" data-element_type=\"container\">\n\t\t\t\t<div class=\"elementor-element elementor-element-5c420ec elementor-widget elementor-widget-image\" data-id=\"5c420ec\" data-element_type=\"widget\" data-widget_type=\"image.default\">\n\t\t\t\t<div class=\"elementor-widget-container\">\n\t\t\t\t\t\t\t\t\t\t\t\t\t\t\t<img decoding=\"async\" width=\"259\" height=\"238\" src=\"https:\/\/plop-app.ch\/wp-content\/uploads\/2025\/03\/Plop_DrShavit.png\" class=\"attachment-large size-large wp-image-586\" alt=\"\" \/>\t\t\t\t\t\t\t\t\t\t\t\t\t\t\t<\/div>\n\t\t\t\t<\/div>\n\t\t<div class=\"elementor-element elementor-element-7f1aaef e-con-full e-flex e-con e-child\" data-id=\"7f1aaef\" data-element_type=\"container\" data-settings=\"{&quot;background_background&quot;:&quot;classic&quot;}\">\n\t\t\t\t<div class=\"elementor-element elementor-element-7727361 elementor-widget elementor-widget-text-editor\" data-id=\"7727361\" data-element_type=\"widget\" data-widget_type=\"text-editor.default\">\n\t\t\t\t<div class=\"elementor-widget-container\">\n\t\t\t\t\t\t\t\t\t<p><strong>Dr m\u00e9d. Sandra Shavit<\/strong><br><em>M\u00e9decin sp\u00e9cialiste en chirurgie infantile<\/em><br>H\u00f4pital cantonal de Lucerne<br>H\u00f4pital pour enfants<\/p>\t\t\t\t\t\t\t\t<\/div>\n\t\t\t\t<\/div>\n\t\t\t\t<\/div>\n\t\t\t\t<\/div>\n\t\t<div class=\"elementor-element elementor-element-d99efd6 e-con-full e-flex e-con e-child\" data-id=\"d99efd6\" data-element_type=\"container\">\n\t\t\t\t<div class=\"elementor-element elementor-element-fd5b61a elementor-widget elementor-widget-text-editor\" data-id=\"fd5b61a\" data-element_type=\"widget\" data-widget_type=\"text-editor.default\">\n\t\t\t\t<div class=\"elementor-widget-container\">\n\t\t\t\t\t\t\t\t\t<p><em><strong>Mme le Dr Shavit, quelles exp\u00e9riences avez-vous faites jusqu&rsquo;\u00e0 pr\u00e9sent avec l&rsquo;application Plop ?<\/strong><\/em><br><em>Jusqu&rsquo;\u00e0 pr\u00e9sent, j&rsquo;ai fait de bonnes exp\u00e9riences.<\/em><br><em>L&rsquo;application est tr\u00e8s pratique. Elle offre toutes les fonctions dont j&rsquo;ai besoin. La journalisation et l&rsquo;exportation des donn\u00e9es sont tr\u00e8s simples.  <\/em><\/p><p><strong><em>Quelle fonction de l&rsquo;application Plop consid\u00e9rez-vous comme particuli\u00e8rement utile ?<\/em><\/strong><br><em>Clairement le journal. La possibilit\u00e9 de documenter quand on va \u00e0 la selle et quelle \u00e9tait la consistance est tr\u00e8s utile. L&rsquo;enregistrement des douleurs lors de la d\u00e9f\u00e9cation est \u00e9galement utile, bien que les personnes souffrant de constipation chronique n&rsquo;aient pratiquement pas de douleurs, il est tout de m\u00eame bon de le savoir. De plus, la fonction de t\u00e9l\u00e9chargement des protocoles de plusieurs mois est tr\u00e8s utile, car je peux tout y lire. L&rsquo;enregistrement des \u00ab souillures \u00bb pourrait encore \u00eatre un peu d\u00e9velopp\u00e9, par exemple avec des illustrations sur lesquelles on pourrait cliquer pour reconna\u00eetre l&rsquo;importance des souillures. Et ce qui est bien s\u00fbr tr\u00e8s important, c&rsquo;est le jeu (rires).     <\/em><\/p><p><strong><em>Quels sont les retours que vous recevez des enfants et des parents ?<\/em><\/strong><br><em>Les parents se d\u00e9brouillent tr\u00e8s bien avec l&rsquo;application. Ils g\u00e8rent tout \u00e0 merveille. Les enfants \u00ab plus \u00e2g\u00e9s \u00bb aiment beaucoup jouer au jeu.  <\/em><\/p>\t\t\t\t\t\t\t\t<\/div>\n\t\t\t\t<\/div>\n\t\t\t\t<\/div>\n\t\t\t\t\t<\/div>\n\t\t\t\t<\/div>\n\t\t<div class=\"elementor-element elementor-element-84cf046 e-flex e-con-boxed e-con e-parent\" data-id=\"84cf046\" data-element_type=\"container\">\n\t\t\t\t\t<div class=\"e-con-inner\">\n\t\t\t\t<div class=\"elementor-element elementor-element-e75af54 elementor-widget elementor-widget-text-editor\" data-id=\"e75af54\" data-element_type=\"widget\" data-widget_type=\"text-editor.default\">\n\t\t\t\t<div class=\"elementor-widget-container\">\n\t\t\t\t\t\t\t\t\t<p><strong>Auteurs :<\/strong> Dres. Beatrice M\u00fcller (FMH P\u00e9diatrie, sp\u00e9cialisation en gastroent\u00e9rologie, FAPPM) et Conrad E. M\u00fcller (FMH Chirurgie infantile) <\/p><p>Plop a \u00e9t\u00e9 d\u00e9velopp\u00e9 en collaboration avec la <a href=\"https:\/\/www.pro-ukbb.ch\/de\/Home\/index.php\" target=\"_blank\" rel=\"noopener\">Fondation Pro Universit\u00e4ts-Kinderspital des deux B\u00e2les (UKBB)<\/a>, les entreprises <a href=\"https:\/\/www.amweb.ch\" target=\"_blank\" rel=\"noopener\">AMWEB<\/a> (d\u00e9veloppement) et <a href=\"https:\/\/senzacca.ch\/\" target=\"_blank\" rel=\"noopener\">SENZ\u2019ACCA Design<\/a> (illustrations) et gr\u00e2ce au soutien financier de <a href=\"https:\/\/www.zambonpharma.com\/ch\/de\" target=\"_blank\" rel=\"noopener\">Zambon Suisse SA<\/a>.<\/p><p><em id=\"fn1\">1. Hyams JS et al., Gastroenterology 2016;150:1456-1468 (Rome IV Criteria: Childhood Functional. Gastrointestinal Disorders: Child\/Adolescent). Une copie des r\u00e9f\u00e9rences individuelles est disponible sur demande.<\/em><\/p>\t\t\t\t\t\t\t\t<\/div>\n\t\t\t\t<\/div>\n\t\t\t\t\t<\/div>\n\t\t\t\t<\/div>\n\t\t\t\t<\/div>\n\t\t","protected":false},"excerpt":{"rendered":"<p>PLOP est une application gratuite qui aide les jeunes enfants et les \u00e9coliers constip\u00e9s \u00e0 aller r\u00e9guli\u00e8rement aux toilettes de mani\u00e8re ludique. Elle a d\u00e9j\u00e0 \u00e9t\u00e9 utilis\u00e9e par 6000 familles. La constipation fonctionnelle chez les enfants est fr\u00e9quente : 10 \u00e0 15 % des enfants sont concern\u00e9s, avec un pic pendant l&rsquo;apprentissage de la propret\u00e91. [&hellip;]<\/p>\n","protected":false},"author":1,"featured_media":0,"parent":0,"menu_order":0,"comment_status":"closed","ping_status":"closed","template":"","meta":{"_acf_changed":false,"footnotes":""},"class_list":["post-852","page","type-page","status-publish","hentry"],"acf":[],"_links":{"self":[{"href":"https:\/\/plop-app.ch\/fr\/wp-json\/wp\/v2\/pages\/852","targetHints":{"allow":["GET"]}}],"collection":[{"href":"https:\/\/plop-app.ch\/fr\/wp-json\/wp\/v2\/pages"}],"about":[{"href":"https:\/\/plop-app.ch\/fr\/wp-json\/wp\/v2\/types\/page"}],"author":[{"embeddable":true,"href":"https:\/\/plop-app.ch\/fr\/wp-json\/wp\/v2\/users\/1"}],"replies":[{"embeddable":true,"href":"https:\/\/plop-app.ch\/fr\/wp-json\/wp\/v2\/comments?post=852"}],"version-history":[{"count":1,"href":"https:\/\/plop-app.ch\/fr\/wp-json\/wp\/v2\/pages\/852\/revisions"}],"predecessor-version":[{"id":853,"href":"https:\/\/plop-app.ch\/fr\/wp-json\/wp\/v2\/pages\/852\/revisions\/853"}],"wp:attachment":[{"href":"https:\/\/plop-app.ch\/fr\/wp-json\/wp\/v2\/media?parent=852"}],"curies":[{"name":"wp","href":"https:\/\/api.w.org\/{rel}","templated":true}]}}