{"id":826,"date":"2025-03-26T10:49:58","date_gmt":"2025-03-26T09:49:58","guid":{"rendered":"https:\/\/plop-app.ch\/dettagli\/"},"modified":"2025-08-21T16:51:38","modified_gmt":"2025-08-21T14:51:38","slug":"dettagli","status":"publish","type":"page","link":"https:\/\/plop-app.ch\/it\/dettagli\/","title":{"rendered":"Dettagli"},"content":{"rendered":"\t\t<div data-elementor-type=\"wp-page\" data-elementor-id=\"826\" class=\"elementor elementor-826 elementor-601\">\n\t\t\t\t<div class=\"elementor-element elementor-element-c506866 e-flex e-con-boxed e-con e-parent\" data-id=\"c506866\" data-element_type=\"container\">\n\t\t\t\t\t<div class=\"e-con-inner\">\n\t\t\t\t<div class=\"elementor-element elementor-element-337ff51 elementor-widget elementor-widget-heading\" data-id=\"337ff51\" data-element_type=\"widget\" data-widget_type=\"heading.default\">\n\t\t\t\t<div class=\"elementor-widget-container\">\n\t\t\t\t\t<h2 class=\"elementor-heading-title elementor-size-default\">PLOP \u00e8 un'applicazione gratuita che aiuta i bambini piccoli e gli scolari con ostruzioni ad andare in bagno regolarmente in modo giocoso. \u00c8 gi\u00e0 stata utilizzata da 6000 famiglie. <\/h2>\t\t\t\t<\/div>\n\t\t\t\t<\/div>\n\t\t\t\t\t<\/div>\n\t\t\t\t<\/div>\n\t\t<div class=\"elementor-element elementor-element-6fd591a e-flex e-con-boxed e-con e-parent\" data-id=\"6fd591a\" data-element_type=\"container\">\n\t\t\t\t\t<div class=\"e-con-inner\">\n\t\t<div class=\"elementor-element elementor-element-0030798 e-con-full e-flex e-con e-child\" data-id=\"0030798\" data-element_type=\"container\">\n\t\t\t\t<div class=\"elementor-element elementor-element-e335a4c elementor-widget elementor-widget-text-editor\" data-id=\"e335a4c\" data-element_type=\"widget\" data-widget_type=\"text-editor.default\">\n\t\t\t\t<div class=\"elementor-widget-container\">\n\t\t\t\t\t\t\t\t\t<p>La stitichezza funzionale nei bambini \u00e8 comune: il 10-15% ne \u00e8 affetto, con un picco durante l&#8217;educazione alla toilette.<sup><a title=\"1 Hyams JS et al, Gastroenterology 2016;150:1456-1468 (Rome IV Criteria: Childhood Functional. Disturbi gastrointestinali: bambino\/adolescente)\" href=\"#fn1\">1<\/a><\/sup> si verifica durante l&#8217;educazione alla toilette. Sebbene non sia pericolosa per la vita, la stitichezza cronica comporta una notevole riduzione della qualit\u00e0 di vita del bambino affetto e di chi se ne prende cura. La pressione \u00e8 particolarmente forte quando il bambino sta per iniziare la scuola e indossa ancora il pannolino a causa della stitichezza e dell&#8217;imbrattamento delle feci. Oltre alla terapia lassativa, un trattamento efficace richiede un&#8217;attenta educazione del bambino e di chi se ne prende cura, un regolare addestramento alla toilette e un sistema di ricompense per motivare il bambino. Sono importanti anche una dieta equilibrata e un&#8217;assunzione sufficiente di liquidi.    <\/p><p>L&#8217;applicazione PLOP \u00e8 stata sviluppata a questo scopo. Spiega in cinque lingue (tedesco, francese, italiano, ora inglese e ucraino) come funziona la defecazione. L&#8217;andare in bagno, la consistenza delle feci (Bristol Stool Shape Scale) e l&#8217;eventuale dolore (scala del dolore) possono essere registrati con una funzione di diario. Il bambino riceve una ricompensa per la sua partecipazione sotto forma di un semplice gioco del dinosauro &#8220;batti e corri&#8221; e un certificato di riconoscimento.   <\/p>\t\t\t\t\t\t\t\t<\/div>\n\t\t\t\t<\/div>\n\t\t\t\t<div class=\"elementor-element elementor-element-4dd29d9 elementor-widget elementor-widget-image\" data-id=\"4dd29d9\" data-element_type=\"widget\" data-widget_type=\"image.default\">\n\t\t\t\t<div class=\"elementor-widget-container\">\n\t\t\t\t\t\t\t\t\t\t\t\t\t\t\t<img fetchpriority=\"high\" decoding=\"async\" width=\"1024\" height=\"537\" src=\"https:\/\/plop-app.ch\/wp-content\/uploads\/2025\/03\/Plop_Home_Christine-1024x537.png\" class=\"attachment-large size-large wp-image-620\" alt=\"\" srcset=\"https:\/\/plop-app.ch\/wp-content\/uploads\/2025\/03\/Plop_Home_Christine-1024x537.png 1024w, https:\/\/plop-app.ch\/wp-content\/uploads\/2025\/03\/Plop_Home_Christine-300x157.png 300w, https:\/\/plop-app.ch\/wp-content\/uploads\/2025\/03\/Plop_Home_Christine-768x403.png 768w, https:\/\/plop-app.ch\/wp-content\/uploads\/2025\/03\/Plop_Home_Christine.png 1429w\" sizes=\"(max-width: 1024px) 100vw, 1024px\" \/>\t\t\t\t\t\t\t\t\t\t\t\t\t\t\t<\/div>\n\t\t\t\t<\/div>\n\t\t\t\t<\/div>\n\t\t<div class=\"elementor-element elementor-element-63aa965 e-con-full e-flex e-con e-child\" data-id=\"63aa965\" data-element_type=\"container\">\n\t\t\t\t<div class=\"elementor-element elementor-element-f8f732a elementor-widget elementor-widget-text-editor\" data-id=\"f8f732a\" data-element_type=\"widget\" data-widget_type=\"text-editor.default\">\n\t\t\t\t<div class=\"elementor-widget-container\">\n\t\t\t\t\t\t\t\t\t<p>I dati registrati nel diario sono riservati e quindi vengono memorizzati solo sullo smartphone o sul tablet del paziente. Tuttavia, il diario pu\u00f2 essere stampato o inviato al medico curante via e-mail. In questo modo il bambino pu\u00f2 mostrare i progressi fatti e il trattamento pu\u00f2 essere ottimizzato insieme.  <\/p>\t\t\t\t\t\t\t\t<\/div>\n\t\t\t\t<\/div>\n\t\t\t\t<div class=\"elementor-element elementor-element-05d99cc elementor-widget elementor-widget-image\" data-id=\"05d99cc\" data-element_type=\"widget\" data-widget_type=\"image.default\">\n\t\t\t\t<div class=\"elementor-widget-container\">\n\t\t\t\t\t\t\t\t\t\t\t\t\t\t\t<img decoding=\"async\" width=\"1024\" height=\"428\" src=\"https:\/\/plop-app.ch\/wp-content\/uploads\/2025\/03\/Plop_Tagebuch_Christine-1024x428.png\" class=\"attachment-large size-large wp-image-625\" alt=\"\" srcset=\"https:\/\/plop-app.ch\/wp-content\/uploads\/2025\/03\/Plop_Tagebuch_Christine-1024x428.png 1024w, https:\/\/plop-app.ch\/wp-content\/uploads\/2025\/03\/Plop_Tagebuch_Christine-300x125.png 300w, https:\/\/plop-app.ch\/wp-content\/uploads\/2025\/03\/Plop_Tagebuch_Christine-768x321.png 768w, https:\/\/plop-app.ch\/wp-content\/uploads\/2025\/03\/Plop_Tagebuch_Christine-1536x642.png 1536w, https:\/\/plop-app.ch\/wp-content\/uploads\/2025\/03\/Plop_Tagebuch_Christine.png 1783w\" sizes=\"(max-width: 1024px) 100vw, 1024px\" \/>\t\t\t\t\t\t\t\t\t\t\t\t\t\t\t<\/div>\n\t\t\t\t<\/div>\n\t\t\t\t<div class=\"elementor-element elementor-element-a14d37f elementor-widget elementor-widget-text-editor\" data-id=\"a14d37f\" data-element_type=\"widget\" data-widget_type=\"text-editor.default\">\n\t\t\t\t<div class=\"elementor-widget-container\">\n\t\t\t\t\t\t\t\t\t<p>Plop \u00e8 gi\u00e0 stato scaricato pi\u00f9 di 6000 volte su Google Play e App Store. \u00c8 consigliata anche da gastroenterologi e pediatri. La nostra esperienza pluriennale nell&#8217;assistenza ai bambini con disturbi della defecazione e come co-sviluppatori dell&#8217;app dimostra che PLOP motiva i bambini ad affrontare il difficile compito dell&#8217;educazione alla toilette in modo giocoso e vincente. Se la defecazione funziona bene, il bambino perde interesse anche per il semplice gioco dei dinosauri: non c&#8217;\u00e8 possibilit\u00e0 di dipendenza. Anche gli adolescenti e gli adulti possono trarre beneficio dall&#8217;uso della funzione diario di PLOP.    <\/p>\t\t\t\t\t\t\t\t<\/div>\n\t\t\t\t<\/div>\n\t\t\t\t<\/div>\n\t\t\t\t\t<\/div>\n\t\t\t\t<\/div>\n\t\t<div class=\"elementor-element elementor-element-e33deaf e-flex e-con-boxed e-con e-parent\" data-id=\"e33deaf\" data-element_type=\"container\" data-settings=\"{&quot;background_background&quot;:&quot;classic&quot;}\">\n\t\t\t\t\t<div class=\"e-con-inner\">\n\t\t<div class=\"elementor-element elementor-element-cecd13e e-con-full e-flex e-con e-child\" data-id=\"cecd13e\" data-element_type=\"container\">\n\t\t\t\t<div class=\"elementor-element elementor-element-5c420ec elementor-widget elementor-widget-image\" data-id=\"5c420ec\" data-element_type=\"widget\" data-widget_type=\"image.default\">\n\t\t\t\t<div class=\"elementor-widget-container\">\n\t\t\t\t\t\t\t\t\t\t\t\t\t\t\t<img decoding=\"async\" width=\"259\" height=\"238\" src=\"https:\/\/plop-app.ch\/wp-content\/uploads\/2025\/03\/Plop_DrShavit.png\" class=\"attachment-large size-large wp-image-587\" alt=\"\" \/>\t\t\t\t\t\t\t\t\t\t\t\t\t\t\t<\/div>\n\t\t\t\t<\/div>\n\t\t<div class=\"elementor-element elementor-element-7f1aaef e-con-full e-flex e-con e-child\" data-id=\"7f1aaef\" data-element_type=\"container\" data-settings=\"{&quot;background_background&quot;:&quot;classic&quot;}\">\n\t\t\t\t<div class=\"elementor-element elementor-element-7727361 elementor-widget elementor-widget-text-editor\" data-id=\"7727361\" data-element_type=\"widget\" data-widget_type=\"text-editor.default\">\n\t\t\t\t<div class=\"elementor-widget-container\">\n\t\t\t\t\t\t\t\t\t<p><strong>Dott.ssa Sandra Shavit<\/strong><br><em>Chirurgo pediatrico specializzato<\/em><br>Ospedale cantonale di Lucerna<br>Ospedale dei bambini<\/p>\t\t\t\t\t\t\t\t<\/div>\n\t\t\t\t<\/div>\n\t\t\t\t<\/div>\n\t\t\t\t<\/div>\n\t\t<div class=\"elementor-element elementor-element-d99efd6 e-con-full e-flex e-con e-child\" data-id=\"d99efd6\" data-element_type=\"container\">\n\t\t\t\t<div class=\"elementor-element elementor-element-fd5b61a elementor-widget elementor-widget-text-editor\" data-id=\"fd5b61a\" data-element_type=\"widget\" data-widget_type=\"text-editor.default\">\n\t\t\t\t<div class=\"elementor-widget-container\">\n\t\t\t\t\t\t\t\t\t<p><em><strong>Dottor Shavit, qual \u00e8 stata la sua esperienza con l&#8217;applicazione Plop finora?<\/strong><\/em><br><em>Finora ho avuto buone esperienze.<\/em><br><em>L&#8217;applicazione \u00e8 molto pratica. Offre tutte le funzioni di cui ho bisogno. Registrare ed esportare i dati \u00e8 molto semplice.  <\/em><\/p><p><strong><em>Quale funzione dell&#8217;app Plop trovi particolarmente utile?<\/em><\/strong><br><em>Sicuramente il diario. \u00c8 molto utile poter documentare quando si va di corpo e qual \u00e8 la sua consistenza. Anche registrare il dolore durante i movimenti intestinali \u00e8 utile, anche se chi soffre di stitichezza cronica non ha praticamente alcun dolore, ma \u00e8 comunque utile saperlo. Anche la funzione di download di diversi mesi di registri \u00e8 molto utile, in quanto posso leggere tutto quello che c&#8217;\u00e8 scritto. La registrazione della &#8220;lubrificazione&#8221; potrebbe essere ampliata un po&#8217;, ad esempio con immagini su cui cliccare per vedere quanta lubrificazione \u00e8 stata applicata. E ci\u00f2 che \u00e8 davvero importante, ovviamente, \u00e8 il gioco (ride).     <\/em><\/p><p><strong><em>Che feedback ricevi dai bambini e dai genitori?<\/em><\/strong><br><em>I genitori sono molto bravi a usare l&#8217;app. Riescono a gestire tutto in modo eccellente. I bambini pi\u00f9 grandi si divertono molto a giocare.  <\/em><\/p>\t\t\t\t\t\t\t\t<\/div>\n\t\t\t\t<\/div>\n\t\t\t\t<\/div>\n\t\t\t\t\t<\/div>\n\t\t\t\t<\/div>\n\t\t<div class=\"elementor-element elementor-element-84cf046 e-flex e-con-boxed e-con e-parent\" data-id=\"84cf046\" data-element_type=\"container\">\n\t\t\t\t\t<div class=\"e-con-inner\">\n\t\t\t\t<div class=\"elementor-element elementor-element-e75af54 elementor-widget elementor-widget-text-editor\" data-id=\"e75af54\" data-element_type=\"widget\" data-widget_type=\"text-editor.default\">\n\t\t\t\t<div class=\"elementor-widget-container\">\n\t\t\t\t\t\t\t\t\t<p><strong>Autori:<\/strong> Dr Beatrice M\u00fcller (FMH Pediatria, specializzata in gastroenterologia, FAPPM) e Conrad E. M\u00fcller (FMH Chirurgia Pediatrica) <\/p><p>Plop \u00e8 stato sviluppato in collaborazione con la <a href=\"https:\/\/www.pro-ukbb.ch\/de\/Home\/index.php\" target=\"_blank\" rel=\"noopener\">Fondazione Pro Universit\u00e4ts-Kinderspital beider Basel (UKBB)<\/a>, le aziende <a href=\"https:\/\/www.amweb.ch\" target=\"_blank\" rel=\"noopener\">AMWEB<\/a> (sviluppo) e <a href=\"https:\/\/senzacca.ch\/\" target=\"_blank\" rel=\"noopener\">SENZ&#8217;ACCA Design<\/a> (illustrazioni) e grazie al supporto finanziario di <a href=\"https:\/\/www.zambonpharma.com\/ch\/de\" target=\"_blank\" rel=\"noopener\">Zambon Schweiz AG<\/a>.<\/p><p><em id=\"fn1\">1 Hyams JS et al, Gastroenterology 2016;150:1456-1468 (Rome IV Criteria: Childhood Functional. Disturbi gastrointestinali: bambino\/adolescente). Una copia dei singoli riferimenti \u00e8 disponibile su richiesta.<\/em><\/p>\t\t\t\t\t\t\t\t<\/div>\n\t\t\t\t<\/div>\n\t\t\t\t\t<\/div>\n\t\t\t\t<\/div>\n\t\t\t\t<\/div>\n\t\t","protected":false},"excerpt":{"rendered":"<p>PLOP \u00e8 un&#8217;applicazione gratuita che aiuta i bambini piccoli e gli scolari con ostruzioni ad andare in bagno regolarmente in modo giocoso. \u00c8 gi\u00e0 stata utilizzata da 6000 famiglie. La stitichezza funzionale nei bambini \u00e8 comune: il 10-15% ne \u00e8 affetto, con un picco durante l&#8217;educazione alla toilette.1 si verifica durante l&#8217;educazione alla toilette. Sebbene [&hellip;]<\/p>\n","protected":false},"author":1,"featured_media":0,"parent":0,"menu_order":0,"comment_status":"closed","ping_status":"closed","template":"","meta":{"_acf_changed":false,"footnotes":""},"class_list":["post-826","page","type-page","status-publish","hentry"],"acf":[],"_links":{"self":[{"href":"https:\/\/plop-app.ch\/it\/wp-json\/wp\/v2\/pages\/826","targetHints":{"allow":["GET"]}}],"collection":[{"href":"https:\/\/plop-app.ch\/it\/wp-json\/wp\/v2\/pages"}],"about":[{"href":"https:\/\/plop-app.ch\/it\/wp-json\/wp\/v2\/types\/page"}],"author":[{"embeddable":true,"href":"https:\/\/plop-app.ch\/it\/wp-json\/wp\/v2\/users\/1"}],"replies":[{"embeddable":true,"href":"https:\/\/plop-app.ch\/it\/wp-json\/wp\/v2\/comments?post=826"}],"version-history":[{"count":2,"href":"https:\/\/plop-app.ch\/it\/wp-json\/wp\/v2\/pages\/826\/revisions"}],"predecessor-version":[{"id":830,"href":"https:\/\/plop-app.ch\/it\/wp-json\/wp\/v2\/pages\/826\/revisions\/830"}],"wp:attachment":[{"href":"https:\/\/plop-app.ch\/it\/wp-json\/wp\/v2\/media?parent=826"}],"curies":[{"name":"wp","href":"https:\/\/api.w.org\/{rel}","templated":true}]}}